{"id":27955,"date":"2024-12-16T11:26:06","date_gmt":"2024-12-16T11:26:06","guid":{"rendered":"https:\/\/igunarms.com\/tr\/?page_id=27955"},"modified":"2024-12-16T11:26:07","modified_gmt":"2024-12-16T11:26:07","slug":"kargo-ve-iadeler","status":"publish","type":"page","link":"https:\/\/igunarms.com\/tr\/kargo-ve-iadeler\/","title":{"rendered":"Kargo ve \u0130adeler"},"content":{"rendered":"<h2 class=\"wp-block-heading\">1. <strong>Kargo Politikas\u0131<\/strong><\/h2><h4 class=\"wp-block-heading\"><strong>\u0130\u015fleme S\u00fcresi:<\/strong><\/h4><p>Sipari\u015fler genellikle 1-3 i\u015f g\u00fcn\u00fc i\u00e7inde i\u015fleme al\u0131n\u0131r.<\/p><h4 class=\"wp-block-heading\"><strong>Kargo Y\u00f6ntemleri ve \u00dccretleri:<\/strong><\/h4><p>Standart ve h\u0131zl\u0131 kargo dahil olmak \u00fczere \u00e7e\u015fitli kargo se\u00e7enekleri sunuyoruz. Kargo \u00fccretleri, teslimat adresine ve paketin a\u011f\u0131rl\u0131\u011f\u0131na ba\u011fl\u0131 olarak de\u011fi\u015fiklik g\u00f6sterir.<\/p><h4 class=\"wp-block-heading\"><strong>Teslimat S\u00fcreleri:<\/strong><\/h4><p>Tahmini teslimat s\u00fcreleri konuma g\u00f6re de\u011fi\u015fiklik g\u00f6stermektedir:<\/p><ul class=\"wp-block-list\"><li><strong>Yurt i\u00e7i (T\u00fcrkiye):<\/strong> 3-7 i\u015f g\u00fcn\u00fc<\/li>\n\n<li><strong>Uluslararas\u0131:<\/strong> 3-21 i\u015f g\u00fcn\u00fc<\/li><\/ul><p><strong>Takip Bilgisi:<\/strong><br>Sipari\u015finiz kargoland\u0131ktan sonra, takip numaras\u0131 size e-posta yoluyla g\u00f6nderilecektir.<\/p><hr class=\"wp-block-separator has-alpha-channel-opacity\"\/><h2 class=\"wp-block-heading\"><strong>\u0130ade Politikas\u0131<\/strong><\/h2><h4 class=\"wp-block-heading\"><strong>\u0130adeler:<\/strong><\/h4><p>\u00dcr\u00fcnler, orijinal durumunda ve ambalaj\u0131nda olmak ko\u015fuluyla teslimattan sonraki 30 g\u00fcn i\u00e7inde iade edilebilir. M\u00fc\u015fteriler, \u00fcr\u00fcn kusurlu veya yanl\u0131\u015f g\u00f6nderilmedi\u011fi s\u00fcrece iade kargo masraflar\u0131ndan sorumludur.<\/p><h4 class=\"wp-block-heading\"><strong>\u0130adeler:<\/strong><\/h4><p>\u0130adeler, iade edilen \u00fcr\u00fcn taraf\u0131m\u0131zdan al\u0131nd\u0131ktan sonra 7-14 i\u015f g\u00fcn\u00fc i\u00e7inde orijinal \u00f6deme y\u00f6ntemine geri yap\u0131l\u0131r.<\/p><h4 class=\"wp-block-heading\"><strong>\u0130ade Edilemeyen \u00dcr\u00fcnler:<\/strong><\/h4><p>\u00d6zel sipari\u015fler ve indirilebilir \u00fcr\u00fcnler iade edilemez.<\/p><h4 class=\"wp-block-heading\"><strong>\u0130ade ve Geri \u00d6deme \u0130\u00e7in Bize Ula\u015f\u0131n:<\/strong><\/h4><p>Bir iade ba\u015flatmak veya geri \u00f6deme talebi i\u00e7in bizimle ileti\u015fime ge\u00e7in:<\/p><ul class=\"wp-block-list\"><li><strong>E-posta:<\/strong> <a>info@igunarms.com<\/a><\/li>\n\n<li><strong>WhatsApp:<\/strong> +90 546 149 4924<\/li><\/ul>","protected":false},"excerpt":{"rendered":"<p>1. Kargo Politikas\u0131 \u0130\u015fleme S\u00fcresi: Sipari\u015fler genellikle 1-3 i\u015f g\u00fcn\u00fc i\u00e7inde i\u015fleme al\u0131n\u0131r. Kargo Y\u00f6ntemleri ve \u00dccretleri: Standart ve h\u0131zl\u0131<\/p>\n","protected":false},"author":1,"featured_media":0,"parent":0,"menu_order":0,"comment_status":"closed","ping_status":"closed","template":"","meta":{"footnotes":""},"class_list":["post-27955","page","type-page","status-publish","hentry"],"_links":{"self":[{"href":"https:\/\/igunarms.com\/tr\/wp-json\/wp\/v2\/pages\/27955","targetHints":{"allow":["GET"]}}],"collection":[{"href":"https:\/\/igunarms.com\/tr\/wp-json\/wp\/v2\/pages"}],"about":[{"href":"https:\/\/igunarms.com\/tr\/wp-json\/wp\/v2\/types\/page"}],"author":[{"embeddable":true,"href":"https:\/\/igunarms.com\/tr\/wp-json\/wp\/v2\/users\/1"}],"replies":[{"embeddable":true,"href":"https:\/\/igunarms.com\/tr\/wp-json\/wp\/v2\/comments?post=27955"}],"version-history":[{"count":1,"href":"https:\/\/igunarms.com\/tr\/wp-json\/wp\/v2\/pages\/27955\/revisions"}],"predecessor-version":[{"id":27956,"href":"https:\/\/igunarms.com\/tr\/wp-json\/wp\/v2\/pages\/27955\/revisions\/27956"}],"wp:attachment":[{"href":"https:\/\/igunarms.com\/tr\/wp-json\/wp\/v2\/media?parent=27955"}],"curies":[{"name":"wp","href":"https:\/\/api.w.org\/{rel}","templated":true}]}}