{"id":3,"date":"2024-12-13T10:09:24","date_gmt":"2024-12-13T10:09:24","guid":{"rendered":"https:\/\/igunarms.com\/tr\/?page_id=3"},"modified":"2024-12-16T11:32:03","modified_gmt":"2024-12-16T11:32:03","slug":"gizlilik-politikasi","status":"publish","type":"page","link":"https:\/\/igunarms.com\/tr\/gizlilik-politikasi\/","title":{"rendered":"Gizlilik Politikas\u0131"},"content":{"rendered":"<p>I Gun Arms olarak, gizlili\u011finize b\u00fcy\u00fck \u00f6nem veriyor ve ki\u015fisel bilgilerinizi korumaya kararl\u0131y\u0131z. Bu Gizlilik Politikas\u0131, web sitemizi ve hizmetlerimizi kulland\u0131\u011f\u0131n\u0131zda toplad\u0131\u011f\u0131m\u0131z, kulland\u0131\u011f\u0131m\u0131z ve korudu\u011fumuz verilerle ilgili bilgileri a\u00e7\u0131klamaktad\u0131r.<\/p><hr class=\"wp-block-separator has-alpha-channel-opacity\"\/><h4 class=\"wp-block-heading\"><strong>1. Toplad\u0131\u011f\u0131m\u0131z Bilgiler<\/strong><\/h4><p>A\u015fa\u011f\u0131daki t\u00fcrde bilgileri toplayabiliriz:<\/p><ul class=\"wp-block-list\"><li><strong>Ki\u015fisel Bilgiler:<\/strong> Ad, e-posta adresi, telefon numaras\u0131, fatura\/teslimat adresi gibi bilgiler.<\/li>\n\n<li><strong>\u00d6deme Bilgileri:<\/strong> G\u00fcvenli i\u015flem i\u00e7in gerekli olan \u00f6deme bilgileri.<\/li>\n\n<li><strong>Teknik Veriler:<\/strong> Web sitesi optimizasyonu i\u00e7in IP adresi, taray\u0131c\u0131 t\u00fcr\u00fc ve cihaz bilgileri.<\/li>\n\n<li><strong>Sipari\u015f Ge\u00e7mi\u015fi:<\/strong> Sat\u0131n al\u0131nan \u00fcr\u00fcnler, tercihler ve web sitemizle etkile\u015fimler hakk\u0131nda bilgiler.<\/li><\/ul><hr class=\"wp-block-separator has-alpha-channel-opacity\"\/><h4 class=\"wp-block-heading\"><strong>2. Bilgilerinizi Nas\u0131l Kullan\u0131yoruz?<\/strong><\/h4><p>Toplad\u0131\u011f\u0131m\u0131z bilgileri \u015fu ama\u00e7larla kullan\u0131yoruz:<\/p><ul class=\"wp-block-list\"><li>Sipari\u015flerinizi i\u015flemek ve yerine getirmek.<\/li>\n\n<li>Sipari\u015fleriniz veya taleplerinizle ilgili sizinle ileti\u015fim kurmak.<\/li>\n\n<li>Kullan\u0131c\u0131 geri bildirimlerine ve tercihlerinize dayanarak web sitemizi ve hizmetlerimizi geli\u015ftirmek.<\/li>\n\n<li>Uygulanan yasal ve d\u00fczenleyici gereksinimlere uygunluk sa\u011flamak.<\/li><\/ul><hr class=\"wp-block-separator has-alpha-channel-opacity\"\/><h4 class=\"wp-block-heading\"><strong>3. Bilgilerinizi Kimlerle Payla\u015f\u0131yoruz?<\/strong><\/h4><p>Ki\u015fisel bilgilerinizi satm\u0131yor veya kiralam\u0131yoruz. Ancak a\u015fa\u011f\u0131daki durumlarda bilgilerinizi payla\u015fabiliriz:<\/p><ul class=\"wp-block-list\"><li><strong>Hizmet Sa\u011flay\u0131c\u0131lar:<\/strong> Sipari\u015flerinizi yerine getirmek i\u00e7in gereken \u00fc\u00e7\u00fcnc\u00fc taraf lojistik, \u00f6deme i\u015flemcileri veya BT hizmet sa\u011flay\u0131c\u0131lar\u0131.<\/li>\n\n<li><strong>Yasal Yetkililer:<\/strong> Yasal gereklilikler veya haklar\u0131m\u0131z\u0131 ve m\u00fclklerimizi korumak amac\u0131yla.<\/li><\/ul><hr class=\"wp-block-separator has-alpha-channel-opacity\"\/><h4 class=\"wp-block-heading\"><strong>4. \u00c7erezler ve Takip Teknolojileri<\/strong><\/h4><p>Web sitemiz, \u015fu ama\u00e7larla \u00e7erezler kullan\u0131r:<\/p><ul class=\"wp-block-list\"><li>Tercihlerinizi ve giri\u015f bilgilerinizi hat\u0131rlamak.<\/li>\n\n<li>Web sitesi trafi\u011fini analiz ederek performans\u0131 iyile\u015ftirmek. Taray\u0131c\u0131 ayarlar\u0131n\u0131zdaki \u00e7erez tercihlerinizi y\u00f6netebilirsiniz.<\/li><\/ul><hr class=\"wp-block-separator has-alpha-channel-opacity\"\/><h4 class=\"wp-block-heading\"><strong>5. Veri G\u00fcvenli\u011fi<\/strong><\/h4><p>Bilgilerinizi yetkisiz eri\u015fim, de\u011fi\u015fiklik veya kay\u0131ptan korumak i\u00e7in s\u0131k\u0131 g\u00fcvenlik \u00f6nlemleri uyguluyoruz. Bu, \u015fifreleme, g\u00fcvenli \u00f6deme a\u011f ge\u00e7itleri ve d\u00fczenli sistem izlemeyi i\u00e7erir.<\/p><hr class=\"wp-block-separator has-alpha-channel-opacity\"\/><h4 class=\"wp-block-heading\"><strong>6. Haklar\u0131n\u0131z<\/strong><\/h4><p>A\u015fa\u011f\u0131daki haklara sahipsiniz:<\/p><ul class=\"wp-block-list\"><li>Ki\u015fisel bilgilerinize eri\u015fim sa\u011flamak, g\u00fcncellemek veya silmek.<\/li>\n\n<li>Pazarlama ileti\u015fimlerinden her zaman \u00e7\u0131k\u0131\u015f yapmak.<\/li>\n\n<li>Verilerinizin nas\u0131l kullan\u0131ld\u0131\u011f\u0131na dair bilgi talep etmek.<\/li><\/ul><p>Haklar\u0131n\u0131z\u0131 kullanmak i\u00e7in a\u015fa\u011f\u0131da sa\u011flanan ileti\u015fim bilgilerinden bizimle ileti\u015fime ge\u00e7ebilirsiniz.<\/p><hr class=\"wp-block-separator has-alpha-channel-opacity\"\/><h4 class=\"wp-block-heading\"><strong>7. Bize Ula\u015f\u0131n<\/strong><\/h4><p>Bu Gizlilik Politikas\u0131 veya veri uygulamalar\u0131m\u0131z hakk\u0131nda herhangi bir sorunuz varsa, l\u00fctfen bizimle ileti\u015fime ge\u00e7in:<\/p><ul class=\"wp-block-list\"><li><strong>Telefon:<\/strong> 0546 149 49 24<\/li>\n\n<li><strong>E-posta:<\/strong> <a>info@igunarms.com<\/a><\/li><\/ul><hr class=\"wp-block-separator has-alpha-channel-opacity\"\/><h4 class=\"wp-block-heading\"><strong>8. Bu Politikada De\u011fi\u015fiklikler<\/strong><\/h4><p>Bu Gizlilik Politikas\u0131n\u0131 gerekti\u011fi \u015fekilde g\u00fcncelleme hakk\u0131n\u0131 sakl\u0131 tutuyoruz. Herhangi bir de\u011fi\u015fiklik yap\u0131l\u0131rsa, bu sayfada yay\u0131nlanacak ve &#8220;Son G\u00fcncellenme&#8221; tarihi accordingly de\u011fi\u015ftirilecektir.<\/p><p><strong>Son G\u00fcncellenme:<\/strong> [Tarih Ekleyin]<\/p><p>I Gun Arms&#8217;\u0131 tercih etti\u011finiz i\u00e7in te\u015fekk\u00fcr ederiz. Gizlili\u011finizi korumak ve g\u00fcvenli bir al\u0131\u015fveri\u015f deneyimi sa\u011flamak i\u00e7in kararl\u0131y\u0131z!<\/p>","protected":false},"excerpt":{"rendered":"<p>I Gun Arms olarak, gizlili\u011finize b\u00fcy\u00fck \u00f6nem veriyor ve ki\u015fisel bilgilerinizi korumaya kararl\u0131y\u0131z. Bu Gizlilik Politikas\u0131, web sitemizi ve hizmetlerimizi<\/p>\n","protected":false},"author":1,"featured_media":0,"parent":0,"menu_order":0,"comment_status":"closed","ping_status":"closed","template":"","meta":{"footnotes":""},"class_list":["post-3","page","type-page","status-publish","hentry"],"_links":{"self":[{"href":"https:\/\/igunarms.com\/tr\/wp-json\/wp\/v2\/pages\/3","targetHints":{"allow":["GET"]}}],"collection":[{"href":"https:\/\/igunarms.com\/tr\/wp-json\/wp\/v2\/pages"}],"about":[{"href":"https:\/\/igunarms.com\/tr\/wp-json\/wp\/v2\/types\/page"}],"author":[{"embeddable":true,"href":"https:\/\/igunarms.com\/tr\/wp-json\/wp\/v2\/users\/1"}],"replies":[{"embeddable":true,"href":"https:\/\/igunarms.com\/tr\/wp-json\/wp\/v2\/comments?post=3"}],"version-history":[{"count":1,"href":"https:\/\/igunarms.com\/tr\/wp-json\/wp\/v2\/pages\/3\/revisions"}],"predecessor-version":[{"id":27954,"href":"https:\/\/igunarms.com\/tr\/wp-json\/wp\/v2\/pages\/3\/revisions\/27954"}],"wp:attachment":[{"href":"https:\/\/igunarms.com\/tr\/wp-json\/wp\/v2\/media?parent=3"}],"curies":[{"name":"wp","href":"https:\/\/api.w.org\/{rel}","templated":true}]}}